{"id":13,"date":"2022-02-08T11:21:48","date_gmt":"2022-02-08T10:21:48","guid":{"rendered":"http:\/\/mce-vogel-club.de\/?page_id=13"},"modified":"2022-07-22T18:35:43","modified_gmt":"2022-07-22T16:35:43","slug":"trotz-krise-etwas-neues-wagen","status":"publish","type":"page","link":"http:\/\/mce-vogel-club.de\/","title":{"rendered":"Home"},"content":{"rendered":"\n<p class=\"has-large-font-size\"><strong>Aktualisierung News 22.07.2022<\/strong><\/p>\n\n\n\n<p><\/p>\n\n\n\n<p class=\"has-large-font-size\"><strong>Trotz Krise etwas Neues wagen<\/strong><\/p>\n\n\n\n<p>Am 20.12.2021 fanden sich einige begeisterte Vogelliebhaber und Vogelz\u00fcchter zusammen, um den schon l\u00e4nger reifenden Gedanken in die Tat umzusetzen, einen Verein zu gr\u00fcnden, in dem die Interessen von Vogelsch\u00fctzern, Vogelz\u00fcchtern, Vogelliebhabern und Vogelausstellern, zusammengef\u00fchrt und gef\u00f6rdert werden.<\/p>\n\n\n\n<p>Gerade durch die Coronakrise und den damit zusammenh\u00e4ngenden Schwierigkeiten, kam der Eindruck zustande, dass es gilt alte Strukturen aufzubrechen und das Wagnis von etwas neuem einzugehen.<\/p>\n\n\n\n<p>Schnell wurde Einigkeit erzielt, sich Schwerpunktm\u00e4\u00dfig mit den V\u00f6geln der Familie der Fringillidae (Finkenartigen) zu besch\u00e4ftigen. Ein besonderes Augenmerk wird auf der Unterfamilie der Cardueliden (Stieglitzartigen) liegen.<\/p>\n\n\n\n<p>Aufgrund dessen, dass sich in Z\u00fcchterhand viele \u201eMischlinge\u201c und Mutationen befinden, wird sich mit Engagement auch dieser Gruppe zugewendet, um einen Ort zu schaffen, in dem die Fragen und Bed\u00fcrfnisse dieser Z\u00fcchter Geh\u00f6r finden.<\/p>\n\n\n\n<p>Weiterhin wird sich allen weiteren europ\u00e4ischen V\u00f6geln zugewandt, welche nicht der Familie der Fringillidae angeh\u00f6ren.<\/p>\n\n\n\n<p>Um sich den genannten Aufgaben zu stellen entschlossen sich diese Vogelliebhaber einen Verein zu gr\u00fcnden. Dieser Verein tr\u00e4gt den Namen<\/p>\n\n\n\n<p class=\"has-large-font-size\"><strong>MCE-Vogel-Club<\/strong><\/p>\n\n\n\n<p>Der Club soll in das Vereinsregister beim Amtsgericht Kaiserslautern eingetragen werden. Auch ist beantragt, dass er als gemeinn\u00fctzig anerkannt wird.<\/p>\n\n\n\n<p>Der Club eigenst\u00e4ndig t\u00e4tig und weder dem DKB noch der AZ zugeordnet.<\/p>\n\n\n\n<p>Der satzungsgem\u00e4\u00dfe Zweck des Clubs ist die F\u00f6rderung des Naturschutzes, die F\u00f6rderung des Tierschutzes und die F\u00f6rderung der Zucht. Auch soll durch Beratung, Betreuung und Schulung das Wissen \u00fcber den Schutz, die Haltung und die Zucht der V\u00f6gel vertieft werden.<\/p>\n\n\n\n<p>Ein weiterer Schwerpunkt des Vereins wird darin bestehen, eine j\u00e4hrliche offene Bewertungsschau durchzuf\u00fchren, so dass den Z\u00fcchtern eine M\u00f6glichkeit geboten wird, ihre Zuchterfolge zu pr\u00e4sentieren und R\u00fcckmeldung dar\u00fcber zu erlangen, ob sie sich in die gew\u00fcnschte Richtung bewegen. Auf dieser Schau k\u00f6nnen alle V\u00f6gel pr\u00e4sentiert werden, welche ordnungsgem\u00e4\u00df beringt sind. Herzlich werden alle Aussteller willkommen gehei\u00dfen, egal welchem Verein oder Verband sie angeh\u00f6ren.<\/p>\n\n\n\n<p>Der Verein sch\u00e4tzt sich sehr gl\u00fccklich, dass das Vorstandsamt eines Kinder- und Jugendwarts geschaffen und besetzt werden konnte. Dem Verein ist es wichtig, Wege zu suchen, zu finden und zu gehen, welche es den folgenden Generationen erm\u00f6glicht mit der faszinierenden Welt der V\u00f6gel in Kontakt zu kommen, da dies die Grundlage ist, Liebe zu den Tieren zu entwickeln, um sich dann durch diese erzeugte Grundhaltung, f\u00fcr das Wohl und \u00dcberleben dieser Tierart einzusetzen.&nbsp;&nbsp;<\/p>\n\n\n\n<p>All jene, die in dem oben Gelesenen etwas Ansprechendes f\u00fcr sich finden, sind herzlich eingeladen immer wieder mal unsere Homepage zu besuchen, um sich \u00fcber die Entwicklung des Vereins zu informieren.<\/p>\n\n\n\n<p class=\"has-text-align-center has-medium-font-size\"><strong>www.mce-vogel-club.de<\/strong><\/p>\n","protected":false},"excerpt":{"rendered":"<p>Aktualisierung News 22.07.2022 Trotz Krise etwas Neues wagen Am 20.12.2021 fanden sich einige begeisterte Vogelliebhaber und Vogelz\u00fcchter zusammen, um den schon l\u00e4nger reifenden Gedanken in die Tat umzusetzen, einen Verein zu gr\u00fcnden, in dem die Interessen von Vogelsch\u00fctzern, Vogelz\u00fcchtern, Vogelliebhabern und Vogelausstellern, zusammengef\u00fchrt und gef\u00f6rdert werden. Gerade durch die Coronakrise und den damit zusammenh\u00e4ngenden Schwierigkeiten, [&hellip;]<\/p>\n","protected":false},"author":1,"featured_media":0,"parent":0,"menu_order":0,"comment_status":"closed","ping_status":"closed","template":"wp-custom-template-webseitentemplate","meta":{"ngg_post_thumbnail":0},"_links":{"self":[{"href":"http:\/\/mce-vogel-club.de\/index.php?rest_route=\/wp\/v2\/pages\/13"}],"collection":[{"href":"http:\/\/mce-vogel-club.de\/index.php?rest_route=\/wp\/v2\/pages"}],"about":[{"href":"http:\/\/mce-vogel-club.de\/index.php?rest_route=\/wp\/v2\/types\/page"}],"author":[{"embeddable":true,"href":"http:\/\/mce-vogel-club.de\/index.php?rest_route=\/wp\/v2\/users\/1"}],"replies":[{"embeddable":true,"href":"http:\/\/mce-vogel-club.de\/index.php?rest_route=%2Fwp%2Fv2%2Fcomments&post=13"}],"version-history":[{"count":6,"href":"http:\/\/mce-vogel-club.de\/index.php?rest_route=\/wp\/v2\/pages\/13\/revisions"}],"predecessor-version":[{"id":108,"href":"http:\/\/mce-vogel-club.de\/index.php?rest_route=\/wp\/v2\/pages\/13\/revisions\/108"}],"wp:attachment":[{"href":"http:\/\/mce-vogel-club.de\/index.php?rest_route=%2Fwp%2Fv2%2Fmedia&parent=13"}],"curies":[{"name":"wp","href":"https:\/\/api.w.org\/{rel}","templated":true}]}}