{"id":26,"date":"2022-02-08T11:53:06","date_gmt":"2022-02-08T10:53:06","guid":{"rendered":"http:\/\/mce-vogel-club.de\/?page_id=26"},"modified":"2022-07-22T15:27:31","modified_gmt":"2022-07-22T13:27:31","slug":"mce-bedeutung","status":"publish","type":"page","link":"http:\/\/mce-vogel-club.de\/?page_id=26","title":{"rendered":"MCE Bedeutung"},"content":{"rendered":"\n<p><strong>Wof\u00fcr stehen die 3 Buchstaben MCE ?<\/strong><\/p>\n\n\n\n<p>Das <strong>M<\/strong> steht f\u00fcr Mischlinge<\/p>\n\n\n\n<p>Das <strong>C<\/strong> steht f\u00fcr Carduelide<\/p>\n\n\n\n<p>Das <strong>E<\/strong> steht f\u00fcr Europ\u00e4er<\/p>\n\n\n\n<p>Die Begriffe sollen im weiteren Verlauf etwas n\u00e4her erl\u00e4utert werden, damit deutlich wird, mit welchen Vogelgruppen sich der Verein Schwerpunktm\u00e4\u00dfig besch\u00e4ftigt.<\/p>\n\n\n\n<p><strong>M \u2013 Mischlinge<\/strong><\/p>\n\n\n\n<p><strong>E \u2013 Europ\u00e4er<\/strong><\/p>\n\n\n\n<p>Um deutlich zu machen, welche V\u00f6geln zu der Gruppe der Europ\u00e4ern z\u00e4hlt, dient ein Zitat aus der Bundesartenschutzverordnung<\/p>\n\n\n\n<p>\u201eEurop\u00e4isch ist eine \u2026 Tierart\u2026 die ihr Verbreitungsgebiet oder regelm\u00e4\u00dfiges Wanderungsgebiet ganz oder teilweise<\/p>\n\n\n\n<p>a) in Europa hat oder in geschichtlicher Zeit hatte oder<\/p>\n\n\n\n<p>b) auf nat\u00fcrliche Weise nach Europa ausdehnt.<\/p>\n\n\n\n<p>Europa umfasst im Osten und S\u00fcdosten jenen Teil Eurasiens, der vom Uralgebirge und der Kaspisee, dem Kaukasus, dem Schwarzen Meer, dem Bosporus, dem Marmarameer und den Dardanellen begrenzt wird, dazu alle \u00c4g\u00e4ischen Inseln und Kreta; im S\u00fcden und S\u00fcdwesten Malta, Sizilien, die Balearen, und die Iberische Halbinsel; im Westen die Britischen Inseln und im Norden Skandinavien mit Island, Spitzbergen, Franz-Joseph-Land und Nowaja Semlija\u201c<\/p>\n\n\n\n<p><strong>Cardueliden<\/strong><\/p>\n\n\n\n<p>Bei den Vogelz\u00fcchtern und im Ausstellungswesen, wird sich auch heute noch weitgehend an dem System von Dr. Hans Edmund Wolters orientiert.&nbsp;<\/p>\n\n\n\n<p>In seinem Werk \u201eDie Vogelarten der Erde\u201c hat er eine Systematik vorgelegt, welche es erleichtert, klare Zuteilungen zu treffen, welche Art zu welcher Familie geh\u00f6rt. Auf den Seiten 298 bis 307 listet er die Arten der Familie der Cardueliden mit deren Verbreitungsgebieten auf.<\/p>\n\n\n\n<p>Auch wenn viele der folgenden V\u00f6gel nicht in Z\u00fcchterhand waren oder sind, sollen sie im Folgenden benannt werden:<\/p>\n\n\n\n<p>Waldschneegimpel<\/p>\n\n\n\n<p>Mattenschneegimpel<\/p>\n\n\n\n<p>Rosenbauch-Schneegimpel<\/p>\n\n\n\n<p>Burtongimpel<\/p>\n\n\n\n<p>Rotfl\u00fcgelgimpel<\/p>\n\n\n\n<p>W\u00fcstengimpel<\/p>\n\n\n\n<p>Mongolengimpel<\/p>\n\n\n\n<p>Wei\u00dffl\u00fcgelgimpel<\/p>\n\n\n\n<p>Pirolgimpel<\/p>\n\n\n\n<p>Goldfl\u00fcgelgimpel&nbsp;<\/p>\n\n\n\n<p>Gimpel (Dompfaff)<\/p>\n\n\n\n<p>Wei\u00dfwangengimpel<\/p>\n\n\n\n<p>Schuppenkopfgimpel<\/p>\n\n\n\n<p>Maskengimpel<\/p>\n\n\n\n<p>Rotkopfgimpel<\/p>\n\n\n\n<p>Goldr\u00fcckengimpel<\/p>\n\n\n\n<p>Maskenkernbei\u00dfer<\/p>\n\n\n\n<p>Schwarzschwanzkernbei\u00dfer<\/p>\n\n\n\n<p>Goldkernbei\u00dfer<\/p>\n\n\n\n<p>Gelbschenkelkernbei\u00dfer<\/p>\n\n\n\n<p>Wachholderkernbei\u00dfer<\/p>\n\n\n\n<p>Flekkenkernbei\u00dfer<\/p>\n\n\n\n<p>Kernbei\u00dfer<\/p>\n\n\n\n<p>Abendkernbei\u00dfer<\/p>\n\n\n\n<p>Abeillekernbei\u00dfer<\/p>\n\n\n\n<p>Gr\u00fcnling<\/p>\n\n\n\n<p>Chinesengr\u00fcnling<\/p>\n\n\n\n<p>Schwarzkopfgr\u00fcnling<\/p>\n\n\n\n<p>Himalayagr\u00fcnling<\/p>\n\n\n\n<p>Stiglitz<\/p>\n\n\n\n<p>Maskenzeisig<\/p>\n\n\n\n<p>Goldzeisig<\/p>\n\n\n\n<p>Mexikanerzeisig<\/p>\n\n\n\n<p>Kordillerenzeisig<\/p>\n\n\n\n<p>Schwarzzeisig<\/p>\n\n\n\n<p>Gelbbauchzeisig<\/p>\n\n\n\n<p>Olivzeisig<\/p>\n\n\n\n<p>Safranzeisig<\/p>\n\n\n\n<p>Magelanzeisig<\/p>\n\n\n\n<p>Dickschnabelzeisig<\/p>\n\n\n\n<p>Kapuzenzeisig<\/p>\n\n\n\n<p>Haitizeisig<\/p>\n\n\n\n<p>Schwarzbrustzeisig<\/p>\n\n\n\n<p>Bartzeisig<\/p>\n\n\n\n<p>Yarrellzeisig<\/p>\n\n\n\n<p>Andenzeisig<\/p>\n\n\n\n<p>Guatemalazeisig<\/p>\n\n\n\n<p>Fichtenzeisig<\/p>\n\n\n\n<p>Erlenzeisig<\/p>\n\n\n\n<p>Himalayazeisig<\/p>\n\n\n\n<p>Birkenzeisig<\/p>\n\n\n\n<p>Bergh\u00e4nfling<\/p>\n\n\n\n<p>Bluth\u00e4nfling<\/p>\n\n\n\n<p>Jemenh\u00e4nfling<\/p>\n\n\n\n<p>Somaliah\u00e4nfling<\/p>\n\n\n\n<p>Alario<\/p>\n\n\n\n<p>Basutogirlitz<\/p>\n\n\n\n<p>Hottentottengirlitz<\/p>\n\n\n\n<p>Zitronengirlitz<\/p>\n\n\n\n<p>Gelbscheitelgirlitz<\/p>\n\n\n\n<p>Schwarzkopfgirlitz<\/p>\n\n\n\n<p>Zederngirlitz<\/p>\n\n\n\n<p>Kanariengirlitz<\/p>\n\n\n\n<p>Girlitz<\/p>\n\n\n\n<p>Rotstirngirlitz<\/p>\n\n\n\n<p>Malaiengirlitz<\/p>\n\n\n\n<p>Mindanaogirlitz<\/p>\n\n\n\n<p>D\u00fcnnschnabelgirlitz<\/p>\n\n\n\n<p>Streifengirlitz<\/p>\n\n\n\n<p>Papyrusgirlitz<\/p>\n\n\n\n<p>Waldgirlitz<\/p>\n\n\n\n<p>Z\u00fcgelgirlitz<\/p>\n\n\n\n<p>Diademgirlitz<\/p>\n\n\n\n<p>Wei\u00dfb\u00fcrzelgirlitz<\/p>\n\n\n\n<p>Menachagirlitz<\/p>\n\n\n\n<p>Reichenowgirlitz<\/p>\n\n\n\n<p>Angolagirlitz<\/p>\n\n\n\n<p>Gelbbrustgirlitz<\/p>\n\n\n\n<p>Mosambiquegirlitz<\/p>\n\n\n\n<p>Wei\u00dfbauchgirlitz<\/p>\n\n\n\n<p>Gelbb\u00fcrzelgirlitz<\/p>\n\n\n\n<p>Rothschildgirlitz<\/p>\n\n\n\n<p>Gelbbauchgirlitz<\/p>\n\n\n\n<p>Schwefelgirlitz<\/p>\n\n\n\n<p>Kernbei\u00dfergirlitz<\/p>\n\n\n\n<p>Wei\u00dfkehlgirlitz<\/p>\n\n\n\n<p>Dickschnabelgirlitz<\/p>\n\n\n\n<p>Proteagirlitz<\/p>\n\n\n\n<p>Strichelgirlitz<\/p>\n\n\n\n<p>Gelbbrauengirlitz<\/p>\n\n\n\n<p>Miombagirlitz<\/p>\n\n\n\n<p>Braunwangengirlitz<\/p>\n\n\n\n<p>Brauengirlitz<\/p>\n\n\n\n<p>Schwarzwangengirlitz<\/p>\n\n\n\n<p>R\u00fcppellgirlitz<\/p>\n\n\n\n<p>Prinzengirlitz<\/p>\n\n\n\n<p>Einfarbengirlitz<\/p>\n\n\n\n<p>Purpurgimpel<\/p>\n\n\n\n<p>Cassingimpel<\/p>\n\n\n\n<p>Hausgimpel<\/p>\n\n\n\n<p>Karmingimpel<\/p>\n\n\n\n<p>Schmuckgimpel<\/p>\n\n\n\n<p>Auroragimpel<\/p>\n\n\n\n<p>Fleckengimpel<\/p>\n\n\n\n<p>Burgundergimpel<\/p>\n\n\n\n<p>Rosenbrauengimpel<\/p>\n\n\n\n<p>Edwardsgimpel<\/p>\n\n\n\n<p>D\u00fcnnschnabelgimpel<\/p>\n\n\n\n<p>Blanfordgimpel<\/p>\n\n\n\n<p>Thuragimpel<\/p>\n\n\n\n<p>Rosenmantelgimpel<\/p>\n\n\n\n<p>Ein\u00f6dgimpel<\/p>\n\n\n\n<p>Berggimpel<\/p>\n\n\n\n<p>Alpengimpel<\/p>\n\n\n\n<p>Felsengimpel<\/p>\n\n\n\n<p>Roborowskigimpel<\/p>\n\n\n\n<p>Meisengimpel<\/p>\n\n\n\n<p>Rosengimpel<\/p>\n\n\n\n<p>Bindengimpel<\/p>\n\n\n\n<p>Hakengimpel<\/p>\n\n\n\n<p>Rhododendrongimpel<\/p>\n\n\n\n<p>Mohrengimpel<\/p>\n\n\n\n<p>Boningimpel<\/p>\n\n\n\n<p>Scharlachgimpel<\/p>\n\n\n\n<p>Kiefernkreuzschnabel<\/p>\n\n\n\n<p>Fichtenkreuzschnabel<\/p>\n\n\n\n<p>Bindenkreuzschnabel<\/p>\n\n\n\n<p>Gr\u00fcnr\u00fcckenkleidervogel<\/p>\n\n\n\n<p>Mauigimpel<\/p>\n\n\n\n<p>Konagimpel<\/p>\n\n\n\n<p>Goldkopf-Koagimpel<\/p>\n\n\n\n<p>Orangebrust-Koagimpel<\/p>\n\n\n\n<p>Laysangimpel<\/p>\n\n\n\n<p>Papageischnabelgimpel<\/p>\n","protected":false},"excerpt":{"rendered":"<p>Wof\u00fcr stehen die 3 Buchstaben MCE ? Das M steht f\u00fcr Mischlinge Das C steht f\u00fcr Carduelide Das E steht f\u00fcr Europ\u00e4er Die Begriffe sollen im weiteren Verlauf etwas n\u00e4her erl\u00e4utert werden, damit deutlich wird, mit welchen Vogelgruppen sich der Verein Schwerpunktm\u00e4\u00dfig besch\u00e4ftigt. M \u2013 Mischlinge E \u2013 Europ\u00e4er Um deutlich zu machen, welche V\u00f6geln [&hellip;]<\/p>\n","protected":false},"author":1,"featured_media":0,"parent":0,"menu_order":12,"comment_status":"closed","ping_status":"closed","template":"","meta":{"ngg_post_thumbnail":0},"_links":{"self":[{"href":"http:\/\/mce-vogel-club.de\/index.php?rest_route=\/wp\/v2\/pages\/26"}],"collection":[{"href":"http:\/\/mce-vogel-club.de\/index.php?rest_route=\/wp\/v2\/pages"}],"about":[{"href":"http:\/\/mce-vogel-club.de\/index.php?rest_route=\/wp\/v2\/types\/page"}],"author":[{"embeddable":true,"href":"http:\/\/mce-vogel-club.de\/index.php?rest_route=\/wp\/v2\/users\/1"}],"replies":[{"embeddable":true,"href":"http:\/\/mce-vogel-club.de\/index.php?rest_route=%2Fwp%2Fv2%2Fcomments&post=26"}],"version-history":[{"count":1,"href":"http:\/\/mce-vogel-club.de\/index.php?rest_route=\/wp\/v2\/pages\/26\/revisions"}],"predecessor-version":[{"id":27,"href":"http:\/\/mce-vogel-club.de\/index.php?rest_route=\/wp\/v2\/pages\/26\/revisions\/27"}],"wp:attachment":[{"href":"http:\/\/mce-vogel-club.de\/index.php?rest_route=%2Fwp%2Fv2%2Fmedia&parent=26"}],"curies":[{"name":"wp","href":"https:\/\/api.w.org\/{rel}","templated":true}]}}