{"id":40,"date":"2022-02-11T11:41:42","date_gmt":"2022-02-11T10:41:42","guid":{"rendered":"http:\/\/mce-vogel-club.de\/?page_id=40"},"modified":"2023-02-19T14:07:21","modified_gmt":"2023-02-19T13:07:21","slug":"bewertungsschau","status":"publish","type":"page","link":"http:\/\/mce-vogel-club.de\/?page_id=40","title":{"rendered":"Bewertungsschau"},"content":{"rendered":"\n<p class=\"has-vivid-green-cyan-color has-text-color\"><strong>2. MCE Bewertungsschau am 18. und 19.11.23 des MCE-Vogel-Club<\/strong><\/p>\n\n\n\n<p>Unsere zweite Bewertungsschau wird am 18. und 19.11.23 im B\u00fcrgerhaus Frankenstein stattfinden. Weitere Informationen folgen<\/p>\n\n\n\n<p><\/p>\n\n\n\n<p class=\"has-vivid-red-color has-text-color\"><strong>1. MCE Bewertungsschau am 29. Und 30.10.22<\/strong> <strong>des<\/strong> <strong>MCE-Vogel-Club<\/strong><\/p>\n\n\n\n<p><strong>Unsere erste Bewertungsschau wird am 29. Und 30.10.2022 in 67459 B\u00f6hl-Iggelheim stattfinden.&nbsp;<\/strong><\/p>\n\n\n\n<p><strong>Teilnehmen k\u00f6nnen alle V\u00f6gel die Ordnungsgem\u00e4\u00df beringt sind.&nbsp;<\/strong><\/p>\n\n\n\n<p><strong>Preisrichter:<br>Als Preisrichter konnten f\u00fcr unsere Schau bisher Dr.Cla\u00dfen und Jochen Rein gewonnen werden<\/strong>.<\/p>\n\n\n\n<p><strong>Standgeb\u00fchr pro Vogel : 2,- \u20ac<\/strong><\/p>\n\n\n\n<p><\/p>\n\n\n\n<p>Wo:&nbsp;&nbsp;&nbsp;&nbsp;&nbsp;&nbsp;&nbsp;&nbsp;&nbsp;&nbsp;&nbsp;&nbsp;&nbsp;&nbsp;&nbsp;&nbsp;                     VFB Iggelheim Clubhaus<\/p>\n\n\n\n<p>&nbsp;&nbsp;&nbsp;&nbsp;&nbsp; &nbsp;&nbsp;&nbsp;&nbsp; &nbsp;&nbsp;&nbsp;&nbsp;&nbsp;&nbsp;&nbsp;&nbsp;&nbsp;&nbsp;&nbsp;                     67459 B\u00f6hl-Iggelheim, Am Neugraben 14<\/p>\n\n\n\n<p>Ablauf: &nbsp;&nbsp;&nbsp;&nbsp;&nbsp;&nbsp;&nbsp;&nbsp;&nbsp;27.10.22&nbsp;&nbsp;&nbsp;&nbsp;&nbsp;&nbsp;&nbsp; Einlieferung der V\u00f6gel von 11:00 bis 20:00 Uhr<\/p>\n\n\n\n<p>&nbsp;&nbsp;&nbsp;&nbsp;&nbsp;&nbsp;&nbsp;&nbsp;&nbsp;&nbsp;&nbsp; &nbsp; &nbsp;&nbsp;&nbsp;&nbsp;&nbsp;&nbsp;&nbsp;&nbsp;28.10.22&nbsp;&nbsp;&nbsp;&nbsp;&nbsp;&nbsp;&nbsp;Bewertung der V\u00f6gel durch die Preisrichter<\/p>\n\n\n\n<p>&nbsp;&nbsp;&nbsp;&nbsp;&nbsp;&nbsp;&nbsp;&nbsp;&nbsp;&nbsp;&nbsp; &nbsp; &nbsp;&nbsp;&nbsp;&nbsp;&nbsp;&nbsp;&nbsp;&nbsp;&nbsp; &nbsp;&nbsp;&nbsp;&nbsp;&nbsp;&nbsp;&nbsp;&nbsp;&nbsp;&nbsp;&nbsp;&nbsp;&nbsp;&nbsp;&nbsp;&nbsp;&nbsp;&nbsp; Dr. Clasen und Jochen Rein<\/p>\n\n\n\n<p>&nbsp;&nbsp;&nbsp;&nbsp;&nbsp;&nbsp;&nbsp;&nbsp;&nbsp;&nbsp;&nbsp; &nbsp;&nbsp; &nbsp;&nbsp;&nbsp;&nbsp;&nbsp;&nbsp;&nbsp;29.10.22 &nbsp;&nbsp;&nbsp;&nbsp;&nbsp;&nbsp;Vogelschau von 9:00 bis 17:00<\/p>\n\n\n\n<p>&nbsp;&nbsp;&nbsp;&nbsp;&nbsp;&nbsp;&nbsp;&nbsp;&nbsp;&nbsp;&nbsp; &nbsp;&nbsp; &nbsp;&nbsp;&nbsp;&nbsp;&nbsp;&nbsp;&nbsp;30.10.22 &nbsp;&nbsp;&nbsp;&nbsp;&nbsp;&nbsp;Vogelschau von 9:00 bis 17:00<\/p>\n\n\n\n<p>&nbsp;&nbsp;&nbsp;&nbsp;&nbsp;&nbsp;&nbsp;&nbsp;&nbsp;&nbsp;&nbsp;&nbsp;&nbsp;&nbsp;&nbsp;&nbsp;&nbsp;&nbsp;&nbsp;&nbsp;&nbsp;&nbsp;&nbsp;&nbsp;&nbsp;&nbsp;&nbsp;&nbsp;&nbsp;&nbsp;&nbsp;&nbsp;&nbsp;&nbsp;&nbsp; &nbsp;&nbsp;&nbsp;&nbsp;&nbsp;&nbsp; Auslieferung der V\u00f6gel ab 17:00 Uhr<\/p>\n\n\n\n<p><strong>Es gibt folgende Schauklassen<\/strong><\/p>\n\n\n\n<p>SK 1: Dompfaff und Gimpel<\/p>\n\n\n\n<p>SK 2: Stieglitz, Gr\u00fcnling, H\u00e4nfling<\/p>\n\n\n\n<p>SK 3: alle Zeisige<\/p>\n\n\n\n<p>SK 4: alle Girlitze<\/p>\n\n\n\n<p>SK 5: Kernbei\u00dfer, Kreuzschn\u00e4bel<\/p>\n\n\n\n<p>SK 6: Europ\u00e4er<\/p>\n\n\n\n<p>SK 7: Mischlinge Wild x Kanarien<\/p>\n\n\n\n<p>SK 8: Mischlinge Wild x Wild<\/p>\n\n\n\n<p>SK 9: Schecken<\/p>\n\n\n\n<p>SK10: Mutationen<\/p>\n\n\n\n<p>Standgeb\u00fchr pro Vogel: 2,- \u20ac<\/p>\n\n\n\n<p><strong>Preisgeld: &nbsp;&nbsp;&nbsp;&nbsp;&nbsp; Bester Stamm &nbsp;&nbsp;&nbsp;&nbsp;&nbsp;&nbsp;&nbsp;&nbsp;&nbsp;&nbsp;&nbsp;&nbsp;&nbsp; 150 Euro<\/strong><\/p>\n\n\n\n<p><strong>&nbsp;&nbsp;&nbsp;&nbsp;&nbsp;&nbsp;&nbsp;&nbsp;&nbsp;&nbsp;&nbsp;&nbsp;&nbsp;&nbsp;&nbsp; &nbsp;&nbsp;&nbsp;&nbsp;&nbsp;&nbsp;&nbsp;Bester Einzelverkauf&nbsp;&nbsp;&nbsp;&nbsp; &nbsp; 75 Euro<\/strong><\/p>\n\n\n\n<p><strong>Anmeldungen bis 15.10.22<\/strong><\/p>\n\n\n\n<p>Per Mail: &nbsp;&nbsp;&nbsp;&nbsp;&nbsp;&nbsp;&nbsp;&nbsp;&nbsp;&nbsp;&nbsp;&nbsp;&nbsp;&nbsp;&nbsp;&nbsp;&nbsp;&nbsp;<a href=\"mailto:majalexander@gmx.de\">majalexander@gmx.de<\/a><\/p>\n\n\n\n<p>Per WhatsApp: &nbsp;&nbsp;&nbsp;&nbsp;&nbsp;&nbsp;&nbsp; 0162 250 87 04<\/p>\n\n\n\n<p>Telefonisch: &nbsp;&nbsp;&nbsp;&nbsp;&nbsp;&nbsp;&nbsp;&nbsp;&nbsp;&nbsp;&nbsp;&nbsp; Karl Heinz Schumacher 0176 70292969<\/p>\n\n\n\n<p>Per Post: &nbsp;&nbsp;&nbsp;&nbsp;&nbsp;&nbsp;&nbsp;&nbsp;&nbsp;&nbsp;&nbsp;&nbsp;&nbsp;&nbsp;&nbsp;&nbsp;&nbsp; MCE Vogelclub, Dreispitz 1, 67468 Frankenstein<\/p>\n\n\n\n<p><\/p>\n","protected":false},"excerpt":{"rendered":"<p>2. MCE Bewertungsschau am 18. und 19.11.23 des MCE-Vogel-Club Unsere zweite Bewertungsschau wird am 18. und 19.11.23 im B\u00fcrgerhaus Frankenstein stattfinden. Weitere Informationen folgen 1. MCE Bewertungsschau am 29. Und 30.10.22 des MCE-Vogel-Club Unsere erste Bewertungsschau wird am 29. Und 30.10.2022 in 67459 B\u00f6hl-Iggelheim stattfinden.&nbsp; Teilnehmen k\u00f6nnen alle V\u00f6gel die Ordnungsgem\u00e4\u00df beringt sind.&nbsp; Preisrichter:Als Preisrichter [&hellip;]<\/p>\n","protected":false},"author":1,"featured_media":0,"parent":0,"menu_order":5,"comment_status":"closed","ping_status":"closed","template":"","meta":{"ngg_post_thumbnail":0},"_links":{"self":[{"href":"http:\/\/mce-vogel-club.de\/index.php?rest_route=\/wp\/v2\/pages\/40"}],"collection":[{"href":"http:\/\/mce-vogel-club.de\/index.php?rest_route=\/wp\/v2\/pages"}],"about":[{"href":"http:\/\/mce-vogel-club.de\/index.php?rest_route=\/wp\/v2\/types\/page"}],"author":[{"embeddable":true,"href":"http:\/\/mce-vogel-club.de\/index.php?rest_route=\/wp\/v2\/users\/1"}],"replies":[{"embeddable":true,"href":"http:\/\/mce-vogel-club.de\/index.php?rest_route=%2Fwp%2Fv2%2Fcomments&post=40"}],"version-history":[{"count":15,"href":"http:\/\/mce-vogel-club.de\/index.php?rest_route=\/wp\/v2\/pages\/40\/revisions"}],"predecessor-version":[{"id":156,"href":"http:\/\/mce-vogel-club.de\/index.php?rest_route=\/wp\/v2\/pages\/40\/revisions\/156"}],"wp:attachment":[{"href":"http:\/\/mce-vogel-club.de\/index.php?rest_route=%2Fwp%2Fv2%2Fmedia&parent=40"}],"curies":[{"name":"wp","href":"https:\/\/api.w.org\/{rel}","templated":true}]}}